{"id":955,"date":"2023-11-27T08:34:47","date_gmt":"2023-11-27T07:34:47","guid":{"rendered":"https:\/\/goldmund.it\/impressum\/"},"modified":"2024-09-20T07:59:55","modified_gmt":"2024-09-20T05:59:55","slug":"impressum","status":"publish","type":"page","link":"https:\/\/goldmund.it\/it\/impressum\/","title":{"rendered":"Impressum"},"content":{"rendered":"[vc_row type=&#8221;full_width_background&#8221; full_screen_row_position=&#8221;middle&#8221; column_margin=&#8221;default&#8221; column_direction=&#8221;default&#8221; column_direction_tablet=&#8221;default&#8221; column_direction_phone=&#8221;default&#8221; bg_color=&#8221;#68875d&#8221; scene_position=&#8221;center&#8221; text_color=&#8221;dark&#8221; text_align=&#8221;left&#8221; row_border_radius=&#8221;none&#8221; row_border_radius_applies=&#8221;bg&#8221; overflow=&#8221;visible&#8221; overlay_strength=&#8221;0.3&#8243; gradient_direction=&#8221;left_to_right&#8221; shape_divider_position=&#8221;bottom&#8221; bg_image_animation=&#8221;none&#8221; gradient_type=&#8221;default&#8221; shape_type=&#8221;&#8221;][vc_column column_padding=&#8221;no-extra-padding&#8221; column_padding_tablet=&#8221;inherit&#8221; column_padding_phone=&#8221;inherit&#8221; column_padding_position=&#8221;all&#8221; column_element_direction_desktop=&#8221;default&#8221; column_element_spacing=&#8221;default&#8221; desktop_text_alignment=&#8221;default&#8221; tablet_text_alignment=&#8221;default&#8221; phone_text_alignment=&#8221;default&#8221; background_color_opacity=&#8221;1&#8243; background_hover_color_opacity=&#8221;1&#8243; column_backdrop_filter=&#8221;none&#8221; font_color=&#8221;#ffffff&#8221; column_shadow=&#8221;none&#8221; column_border_radius=&#8221;none&#8221; column_link_target=&#8221;_self&#8221; column_position=&#8221;default&#8221; gradient_direction=&#8221;left_to_right&#8221; overlay_strength=&#8221;0.3&#8243; width=&#8221;1\/1&#8243; tablet_width_inherit=&#8221;default&#8221; animation_type=&#8221;default&#8221; bg_image_animation=&#8221;none&#8221; border_type=&#8221;simple&#8221; column_border_width=&#8221;none&#8221; column_border_style=&#8221;solid&#8221; column_padding_type=&#8221;default&#8221; gradient_type=&#8221;default&#8221;][vc_row_inner column_margin=&#8221;default&#8221; column_direction=&#8221;default&#8221; column_direction_tablet=&#8221;default&#8221; column_direction_phone=&#8221;default&#8221; text_align=&#8221;left&#8221; row_position=&#8221;default&#8221; row_position_tablet=&#8221;inherit&#8221; row_position_phone=&#8221;inherit&#8221; overflow=&#8221;visible&#8221; pointer_events=&#8221;all&#8221;][vc_column_inner column_padding=&#8221;no-extra-padding&#8221; column_padding_tablet=&#8221;inherit&#8221; column_padding_phone=&#8221;inherit&#8221; column_padding_position=&#8221;all&#8221; column_element_direction_desktop=&#8221;default&#8221; column_element_spacing=&#8221;default&#8221; desktop_text_alignment=&#8221;default&#8221; tablet_text_alignment=&#8221;default&#8221; phone_text_alignment=&#8221;default&#8221; background_color_opacity=&#8221;1&#8243; background_hover_color_opacity=&#8221;1&#8243; column_backdrop_filter=&#8221;none&#8221; column_shadow=&#8221;none&#8221; column_border_radius=&#8221;none&#8221; column_link_target=&#8221;_self&#8221; overflow=&#8221;visible&#8221; gradient_direction=&#8221;left_to_right&#8221; overlay_strength=&#8221;0.3&#8243; width=&#8221;1\/1&#8243; tablet_width_inherit=&#8221;default&#8221; animation_type=&#8221;default&#8221; bg_image_animation=&#8221;none&#8221; border_type=&#8221;simple&#8221; column_border_width=&#8221;none&#8221; column_border_style=&#8221;solid&#8221;][divider line_type=&#8221;No Line&#8221; custom_height=&#8221;190px&#8221; custom_height_tablet=&#8221;10px&#8221; custom_height_phone=&#8221;10px&#8221;][\/vc_column_inner][\/vc_row_inner][vc_row_inner column_margin=&#8221;default&#8221; column_direction=&#8221;default&#8221; column_direction_tablet=&#8221;default&#8221; column_direction_phone=&#8221;default&#8221; text_align=&#8221;left&#8221; row_position=&#8221;default&#8221; row_position_tablet=&#8221;inherit&#8221; row_position_phone=&#8221;inherit&#8221; overflow=&#8221;visible&#8221; pointer_events=&#8221;all&#8221;][vc_column_inner column_padding=&#8221;no-extra-padding&#8221; column_padding_tablet=&#8221;inherit&#8221; column_padding_phone=&#8221;inherit&#8221; column_padding_position=&#8221;all&#8221; column_element_direction_desktop=&#8221;default&#8221; column_element_spacing=&#8221;default&#8221; desktop_text_alignment=&#8221;default&#8221; tablet_text_alignment=&#8221;default&#8221; phone_text_alignment=&#8221;default&#8221; background_color_opacity=&#8221;1&#8243; background_hover_color_opacity=&#8221;1&#8243; column_backdrop_filter=&#8221;none&#8221; column_shadow=&#8221;none&#8221; column_border_radius=&#8221;none&#8221; column_link_target=&#8221;_self&#8221; overflow=&#8221;visible&#8221; gradient_direction=&#8221;left_to_right&#8221; overlay_strength=&#8221;0.3&#8243; width=&#8221;1\/1&#8243; tablet_width_inherit=&#8221;default&#8221; animation_type=&#8221;default&#8221; bg_image_animation=&#8221;none&#8221; border_type=&#8221;simple&#8221; column_border_width=&#8221;none&#8221; column_border_style=&#8221;solid&#8221;][vc_raw_html]JTNDYSUyMGhyZWYlM0QlMjIlMjMlMjIlMjBvbmNsaWNrJTNEJTIyd2luZG93Lmhpc3RvcnkuYmFjayUyOCUyOSUzQiUyMiUzRSVFMiU4NiU5MCUyMEluZGlldHJvJTNDJTJGYSUzRQ==[\/vc_raw_html][\/vc_column_inner][\/vc_row_inner][vc_row_inner column_margin=&#8221;default&#8221; column_direction=&#8221;default&#8221; column_direction_tablet=&#8221;default&#8221; column_direction_phone=&#8221;default&#8221; text_align=&#8221;left&#8221; row_position=&#8221;default&#8221; row_position_tablet=&#8221;inherit&#8221; row_position_phone=&#8221;inherit&#8221; overflow=&#8221;visible&#8221; pointer_events=&#8221;all&#8221;][vc_column_inner column_padding=&#8221;no-extra-padding&#8221; column_padding_tablet=&#8221;inherit&#8221; column_padding_phone=&#8221;inherit&#8221; column_padding_position=&#8221;all&#8221; column_element_direction_desktop=&#8221;default&#8221; column_element_spacing=&#8221;default&#8221; desktop_text_alignment=&#8221;default&#8221; tablet_text_alignment=&#8221;default&#8221; phone_text_alignment=&#8221;default&#8221; background_color_opacity=&#8221;1&#8243; background_hover_color_opacity=&#8221;1&#8243; column_backdrop_filter=&#8221;none&#8221; column_shadow=&#8221;none&#8221; column_border_radius=&#8221;none&#8221; column_link_target=&#8221;_self&#8221; overflow=&#8221;visible&#8221; gradient_direction=&#8221;left_to_right&#8221; overlay_strength=&#8221;0.3&#8243; width=&#8221;1\/1&#8243; tablet_width_inherit=&#8221;default&#8221; animation_type=&#8221;default&#8221; bg_image_animation=&#8221;none&#8221; border_type=&#8221;simple&#8221; column_border_width=&#8221;none&#8221; column_border_style=&#8221;solid&#8221;][vc_column_text css=&#8221;&#8221; text_direction=&#8221;default&#8221;]\n<h1>Impressum<\/h1>\n<p><strong>Proprietario del sito web<\/strong><\/p>\n<p><strong>Hannah &amp; Elia vGmbH<br \/>\n<\/strong>Via Principale 4, 39018 Terlano<br \/>\nAlto Adige . Italia<\/p>\n<p>Registro Imprese: Bolzano<br \/>\nNumero REA: BZ \u2013 228155<br \/>\nCodice fiscale e n.iscr. al Registro Imprese: 03055700219<\/p>\n<p><strong>Partita\/IVA: <\/strong>03055700219<\/p>\n<p><strong>Amministratore Unico:<\/strong><br \/>\nFr\u00f6tscher Raimund<\/p>\n<p><strong>phone: <\/strong><a href=\"tel:+390472842665\">+39 0472 842 665<\/a><br \/>\n<strong>E-mail:<\/strong> <a href=\"mailto:anfrage@goldmund.it\">anfrage@goldmund.it<\/a><\/p>\n<p><strong>Immagini<br \/>\n<\/strong>Archivio privato Hannah &amp; Elia vGmbH<br \/>\n<a href=\"https:\/\/elements.envato.com\/de\/photos\" target=\"_blank\" rel=\"noopener\">Envato Elements<\/a><br \/>\nG\u00fcnther Skuk<\/p>\n<p><strong>Web design e programmazione<\/strong><br \/>\n<a href=\"https:\/\/fahrner.it\/\">fahrner | web . grafica \u2013 www.fahrner.it<\/a><\/p>\n<p>Informazioni obbligatorie secondo il Regolamento UE n. 524\/2013 del Parlamento Europeo e del Consiglio Piattaforma per la risoluzione delle controversie online dei consumatori (ODR) della Commissione Europea: http:\/\/ec.europa.eu\/consumers\/odr<\/p>\n<p><strong>1. contenuto dell\u2019offerta online<\/strong><br \/>\nCi impegniamo a fornire informazioni corrette e complete su questo sito web. Tuttavia, non ci assumiamo alcuna responsabilit\u00e0 o garanzia per l\u2019attualit\u00e0, la correttezza e la completezza delle informazioni fornite. Ci riserviamo il diritto di apportare modifiche o integrazioni alle informazioni fornite senza preavviso.<\/p>\n<p><strong>2 Riferimenti e link<\/strong><br \/>\nNonostante l\u2019attento controllo dei contenuti, non ci assumiamo alcuna responsabilit\u00e0 per il contenuto dei link esterni. I gestori delle pagine collegate sono gli unici responsabili del loro contenuto.<\/p>\n<p><strong>3. copyright (diritto d\u2019autore e di etichettatura)<\/strong><br \/>\nIl contenuto di questo sito web \u00e8 protetto da copyright. La riproduzione o l\u2019utilizzo in altre pubblicazioni elettroniche o stampate non \u00e8 consentita senza il nostro esplicito consenso.<\/p>\n<p><a href=\"http:\/\/ec.europa.eu\/consumers\/odr\/\">http:\/\/ec.europa.eu\/consumers\/odr\/<\/a><\/p>\n<p><strong>4. protezione dei dati<\/strong><br \/>\nAi sensi della legge italiana del 31.12.1996 n. 675 \u201cPrivacy\u201d artt. 10 e 13<br \/>\nRichiesta, correzione e\/o cancellazione (ad eccezione dei dati commerciali) dei dati personali tramite <a href=\"mailto:anfrage@goldmund.it\">anfrage@goldmund.it<\/a><\/p>\n<p>In linea di principio, \u00e8 possibile navigare in modo anonimo. Quando vi registrate per un servizio, vi chiediamo il vostro nome e altre informazioni personali. La decisione di inserire questi dati spetta all\u2019utente.<\/p>\n<p>I dati registrati vengono memorizzati sui nostri server protetti e tramite Google Analytics e utilizzati solo internamente.<\/p>\n<p>I cookie (file di testo memorizzati localmente dal browser) ci aiutano a ottimizzare il nostro sito web in base alle vostre esigenze e ai vostri desideri. I dati personali vengono quindi memorizzati solo su vostra esplicita richiesta (ad esempio per i moduli o i login).<\/p>\n<p>I file di log (parametri di accesso alle pagine) vengono da noi valutati statisticamente per analizzare le tendenze.<\/p>\n<p><strong>5 Validit\u00e0 legale<\/strong><br \/>\nSe parti o singole formulazioni del presente testo non sono, non sono pi\u00f9 o non sono pienamente conformi alla situazione legale applicabile, il contenuto e la validit\u00e0 delle restanti parti del documento rimangono inalterati. L\u2019utilizzo del sito web non d\u00e0 luogo a contratti o diritti. Eventuali controversie legali saranno risolte dal tribunale competente.<\/p>\n<p>Esclusione di responsabilit\u00e0:<br \/>\nQuesto sito web contiene link a siti esterni che sono gestiti, pubblicati, operati o emessi da operatori esterni.<br \/>\nQuesti siti non rientrano nella nostra sfera di influenza. Pertanto, non possiamo assumerci alcuna garanzia o responsabilit\u00e0 per il loro contenuto. Gli operatori di questi siti sono gli unici responsabili del loro contenuto. Al momento della creazione dei link, i siti esterni collegati non presentavano contenuti palesemente illegali.<br \/>\nLa nostra opinione pu\u00f2 differire dalle opinioni espresse sui siti esterni. Questo sito web viene aggiornato regolarmente. Tuttavia, non \u00e8 possibile garantire la correttezza, la legalit\u00e0, l\u2019attualit\u00e0, la completezza e la disponibilit\u00e0 delle informazioni e dei dati.[\/vc_column_text][\/vc_column_inner][\/vc_row_inner][\/vc_column][\/vc_row]\n","protected":false},"excerpt":{"rendered":"<p>[vc_row type=&#8221;full_width_background&#8221; full_screen_row_position=&#8221;middle&#8221; column_margin=&#8221;default&#8221; column_direction=&#8221;default&#8221; column_direction_tablet=&#8221;default&#8221; column_direction_phone=&#8221;default&#8221; bg_color=&#8221;#68875d&#8221; scene_position=&#8221;center&#8221; text_color=&#8221;dark&#8221; text_align=&#8221;left&#8221; row_border_radius=&#8221;none&#8221; row_border_radius_applies=&#8221;bg&#8221; overflow=&#8221;visible&#8221; overlay_strength=&#8221;0.3&#8243; gradient_direction=&#8221;left_to_right&#8221; shape_divider_position=&#8221;bottom&#8221; bg_image_animation=&#8221;none&#8221; gradient_type=&#8221;default&#8221; shape_type=&#8221;&#8221;][vc_column column_padding=&#8221;no-extra-padding&#8221; column_padding_tablet=&#8221;inherit&#8221; column_padding_phone=&#8221;inherit&#8221; column_padding_position=&#8221;all&#8221; column_element_direction_desktop=&#8221;default&#8221; column_element_spacing=&#8221;default&#8221; desktop_text_alignment=&#8221;default&#8221; tablet_text_alignment=&#8221;default&#8221; phone_text_alignment=&#8221;default&#8221; background_color_opacity=&#8221;1&#8243;&#8230;<\/p>\n","protected":false},"author":2,"featured_media":0,"parent":0,"menu_order":18,"comment_status":"closed","ping_status":"closed","template":"","meta":{"footnotes":""},"class_list":["post-955","page","type-page","status-publish"],"yoast_head":"<!-- This site is optimized with the Yoast SEO plugin v27.2 - https:\/\/yoast.com\/product\/yoast-seo-wordpress\/ -->\n<title>Impressum | Goldmund<\/title>\n<meta name=\"robots\" content=\"index, follow, max-snippet:-1, max-image-preview:large, max-video-preview:-1\" \/>\n<link rel=\"canonical\" href=\"https:\/\/goldmund.it\/it\/impressum\/\" \/>\n<meta property=\"og:locale\" content=\"it_IT\" \/>\n<meta property=\"og:type\" content=\"article\" \/>\n<meta property=\"og:title\" content=\"Impressum | Goldmund\" \/>\n<meta property=\"og:description\" content=\"[vc_row type=&#8221;full_width_background&#8221; full_screen_row_position=&#8221;middle&#8221; column_margin=&#8221;default&#8221; column_direction=&#8221;default&#8221; column_direction_tablet=&#8221;default&#8221; column_direction_phone=&#8221;default&#8221; bg_color=&#8221;#68875d&#8221; scene_position=&#8221;center&#8221; text_color=&#8221;dark&#8221; text_align=&#8221;left&#8221; row_border_radius=&#8221;none&#8221; row_border_radius_applies=&#8221;bg&#8221; overflow=&#8221;visible&#8221; overlay_strength=&#8221;0.3&#8243; gradient_direction=&#8221;left_to_right&#8221; shape_divider_position=&#8221;bottom&#8221; bg_image_animation=&#8221;none&#8221; gradient_type=&#8221;default&#8221; shape_type=&#8221;&#8221;][vc_column column_padding=&#8221;no-extra-padding&#8221; column_padding_tablet=&#8221;inherit&#8221; column_padding_phone=&#8221;inherit&#8221; column_padding_position=&#8221;all&#8221; column_element_direction_desktop=&#8221;default&#8221; column_element_spacing=&#8221;default&#8221; desktop_text_alignment=&#8221;default&#8221; tablet_text_alignment=&#8221;default&#8221; phone_text_alignment=&#8221;default&#8221; background_color_opacity=&#8221;1&#8243;...\" \/>\n<meta property=\"og:url\" content=\"https:\/\/goldmund.it\/it\/impressum\/\" \/>\n<meta property=\"og:site_name\" content=\"Goldmund\" \/>\n<meta property=\"article:modified_time\" content=\"2024-09-20T05:59:55+00:00\" \/>\n<meta property=\"og:image\" content=\"https:\/\/goldmund.it\/wp-content\/uploads\/2023\/10\/wedding-banquet-decoration-in-italy-2021-08-27-22-28-04-utc.jpg\" \/>\n\t<meta property=\"og:image:width\" content=\"1920\" \/>\n\t<meta property=\"og:image:height\" content=\"1280\" \/>\n\t<meta property=\"og:image:type\" content=\"image\/jpeg\" \/>\n<meta name=\"twitter:card\" content=\"summary_large_image\" \/>\n<meta name=\"twitter:label1\" content=\"Tempo di lettura stimato\" \/>\n\t<meta name=\"twitter:data1\" content=\"3 minuti\" \/>\n<script type=\"application\/ld+json\" class=\"yoast-schema-graph\">{\"@context\":\"https:\/\/schema.org\",\"@graph\":[{\"@type\":\"WebPage\",\"@id\":\"https:\/\/goldmund.it\/it\/impressum\/\",\"url\":\"https:\/\/goldmund.it\/it\/impressum\/\",\"name\":\"Impressum | Goldmund\",\"isPartOf\":{\"@id\":\"https:\/\/goldmund.it\/it\/#website\"},\"datePublished\":\"2023-11-27T07:34:47+00:00\",\"dateModified\":\"2024-09-20T05:59:55+00:00\",\"breadcrumb\":{\"@id\":\"https:\/\/goldmund.it\/it\/impressum\/#breadcrumb\"},\"inLanguage\":\"it-IT\",\"potentialAction\":[{\"@type\":\"ReadAction\",\"target\":[\"https:\/\/goldmund.it\/it\/impressum\/\"]}]},{\"@type\":\"BreadcrumbList\",\"@id\":\"https:\/\/goldmund.it\/it\/impressum\/#breadcrumb\",\"itemListElement\":[{\"@type\":\"ListItem\",\"position\":1,\"name\":\"Startseite\",\"item\":\"https:\/\/goldmund.it\/it\/\"},{\"@type\":\"ListItem\",\"position\":2,\"name\":\"Impressum\"}]},{\"@type\":\"WebSite\",\"@id\":\"https:\/\/goldmund.it\/it\/#website\",\"url\":\"https:\/\/goldmund.it\/it\/\",\"name\":\"Goldmund\",\"description\":\"Ihre Event Location mit Catering in S\u00fcdtirol\",\"publisher\":{\"@id\":\"https:\/\/goldmund.it\/it\/#organization\"},\"potentialAction\":[{\"@type\":\"SearchAction\",\"target\":{\"@type\":\"EntryPoint\",\"urlTemplate\":\"https:\/\/goldmund.it\/it\/?s={search_term_string}\"},\"query-input\":{\"@type\":\"PropertyValueSpecification\",\"valueRequired\":true,\"valueName\":\"search_term_string\"}}],\"inLanguage\":\"it-IT\"},{\"@type\":\"Organization\",\"@id\":\"https:\/\/goldmund.it\/it\/#organization\",\"name\":\"Goldmund\",\"url\":\"https:\/\/goldmund.it\/it\/\",\"logo\":{\"@type\":\"ImageObject\",\"inLanguage\":\"it-IT\",\"@id\":\"https:\/\/goldmund.it\/it\/#\/schema\/logo\/image\/\",\"url\":\"https:\/\/goldmund.it\/wp-content\/uploads\/2024\/02\/LogoVar1_weiss-2x.png\",\"contentUrl\":\"https:\/\/goldmund.it\/wp-content\/uploads\/2024\/02\/LogoVar1_weiss-2x.png\",\"width\":1000,\"height\":620,\"caption\":\"Goldmund\"},\"image\":{\"@id\":\"https:\/\/goldmund.it\/it\/#\/schema\/logo\/image\/\"}}]}<\/script>\n<!-- \/ Yoast SEO plugin. -->","yoast_head_json":{"title":"Impressum | Goldmund","robots":{"index":"index","follow":"follow","max-snippet":"max-snippet:-1","max-image-preview":"max-image-preview:large","max-video-preview":"max-video-preview:-1"},"canonical":"https:\/\/goldmund.it\/it\/impressum\/","og_locale":"it_IT","og_type":"article","og_title":"Impressum | Goldmund","og_description":"[vc_row type=&#8221;full_width_background&#8221; full_screen_row_position=&#8221;middle&#8221; column_margin=&#8221;default&#8221; column_direction=&#8221;default&#8221; column_direction_tablet=&#8221;default&#8221; column_direction_phone=&#8221;default&#8221; bg_color=&#8221;#68875d&#8221; scene_position=&#8221;center&#8221; text_color=&#8221;dark&#8221; text_align=&#8221;left&#8221; row_border_radius=&#8221;none&#8221; row_border_radius_applies=&#8221;bg&#8221; overflow=&#8221;visible&#8221; overlay_strength=&#8221;0.3&#8243; gradient_direction=&#8221;left_to_right&#8221; shape_divider_position=&#8221;bottom&#8221; bg_image_animation=&#8221;none&#8221; gradient_type=&#8221;default&#8221; shape_type=&#8221;&#8221;][vc_column column_padding=&#8221;no-extra-padding&#8221; column_padding_tablet=&#8221;inherit&#8221; column_padding_phone=&#8221;inherit&#8221; column_padding_position=&#8221;all&#8221; column_element_direction_desktop=&#8221;default&#8221; column_element_spacing=&#8221;default&#8221; desktop_text_alignment=&#8221;default&#8221; tablet_text_alignment=&#8221;default&#8221; phone_text_alignment=&#8221;default&#8221; background_color_opacity=&#8221;1&#8243;...","og_url":"https:\/\/goldmund.it\/it\/impressum\/","og_site_name":"Goldmund","article_modified_time":"2024-09-20T05:59:55+00:00","og_image":[{"width":1920,"height":1280,"url":"https:\/\/goldmund.it\/wp-content\/uploads\/2023\/10\/wedding-banquet-decoration-in-italy-2021-08-27-22-28-04-utc.jpg","type":"image\/jpeg"}],"twitter_card":"summary_large_image","twitter_misc":{"Tempo di lettura stimato":"3 minuti"},"schema":{"@context":"https:\/\/schema.org","@graph":[{"@type":"WebPage","@id":"https:\/\/goldmund.it\/it\/impressum\/","url":"https:\/\/goldmund.it\/it\/impressum\/","name":"Impressum | Goldmund","isPartOf":{"@id":"https:\/\/goldmund.it\/it\/#website"},"datePublished":"2023-11-27T07:34:47+00:00","dateModified":"2024-09-20T05:59:55+00:00","breadcrumb":{"@id":"https:\/\/goldmund.it\/it\/impressum\/#breadcrumb"},"inLanguage":"it-IT","potentialAction":[{"@type":"ReadAction","target":["https:\/\/goldmund.it\/it\/impressum\/"]}]},{"@type":"BreadcrumbList","@id":"https:\/\/goldmund.it\/it\/impressum\/#breadcrumb","itemListElement":[{"@type":"ListItem","position":1,"name":"Startseite","item":"https:\/\/goldmund.it\/it\/"},{"@type":"ListItem","position":2,"name":"Impressum"}]},{"@type":"WebSite","@id":"https:\/\/goldmund.it\/it\/#website","url":"https:\/\/goldmund.it\/it\/","name":"Goldmund","description":"Ihre Event Location mit Catering in S\u00fcdtirol","publisher":{"@id":"https:\/\/goldmund.it\/it\/#organization"},"potentialAction":[{"@type":"SearchAction","target":{"@type":"EntryPoint","urlTemplate":"https:\/\/goldmund.it\/it\/?s={search_term_string}"},"query-input":{"@type":"PropertyValueSpecification","valueRequired":true,"valueName":"search_term_string"}}],"inLanguage":"it-IT"},{"@type":"Organization","@id":"https:\/\/goldmund.it\/it\/#organization","name":"Goldmund","url":"https:\/\/goldmund.it\/it\/","logo":{"@type":"ImageObject","inLanguage":"it-IT","@id":"https:\/\/goldmund.it\/it\/#\/schema\/logo\/image\/","url":"https:\/\/goldmund.it\/wp-content\/uploads\/2024\/02\/LogoVar1_weiss-2x.png","contentUrl":"https:\/\/goldmund.it\/wp-content\/uploads\/2024\/02\/LogoVar1_weiss-2x.png","width":1000,"height":620,"caption":"Goldmund"},"image":{"@id":"https:\/\/goldmund.it\/it\/#\/schema\/logo\/image\/"}}]}},"_links":{"self":[{"href":"https:\/\/goldmund.it\/it\/wp-json\/wp\/v2\/pages\/955","targetHints":{"allow":["GET"]}}],"collection":[{"href":"https:\/\/goldmund.it\/it\/wp-json\/wp\/v2\/pages"}],"about":[{"href":"https:\/\/goldmund.it\/it\/wp-json\/wp\/v2\/types\/page"}],"author":[{"embeddable":true,"href":"https:\/\/goldmund.it\/it\/wp-json\/wp\/v2\/users\/2"}],"replies":[{"embeddable":true,"href":"https:\/\/goldmund.it\/it\/wp-json\/wp\/v2\/comments?post=955"}],"version-history":[{"count":7,"href":"https:\/\/goldmund.it\/it\/wp-json\/wp\/v2\/pages\/955\/revisions"}],"predecessor-version":[{"id":1169,"href":"https:\/\/goldmund.it\/it\/wp-json\/wp\/v2\/pages\/955\/revisions\/1169"}],"wp:attachment":[{"href":"https:\/\/goldmund.it\/it\/wp-json\/wp\/v2\/media?parent=955"}],"curies":[{"name":"wp","href":"https:\/\/api.w.org\/{rel}","templated":true}]}}